{"id":2,"date":"2025-08-31T17:35:53","date_gmt":"2025-08-31T15:35:53","guid":{"rendered":"http:\/\/kuraterat.riverman.com\/?page_id=2"},"modified":"2025-08-31T23:10:15","modified_gmt":"2025-08-31T21:10:15","slug":"exempelsida","status":"publish","type":"page","link":"https:\/\/kuraterat.riverman.com\/?page_id=2","title":{"rendered":"Om Kuraterat"},"content":{"rendered":"\n<p>Kuraterat drivs av M\u00e5ns \u00c5man, grundare av Riverman.<\/p>\n\n\n\n<p>Vi g\u00f6r n\u00e5got enkelt men ovanligt: vi v\u00e4ljer ut nyheter som \u00e4r v\u00e4rda din tid.<\/p>\n\n\n\n<p>Hos oss hittar du artiklar som inte bara ber\u00e4ttar vad som h\u00e4nt \u2013 utan ocks\u00e5 varf\u00f6r det spelar roll.<\/p>\n\n\n\n<p>Varje text varudeklareras med tydliga k\u00e4llor och fakta. Vi tror att trov\u00e4rdighet byggs p\u00e5 \u00f6ppenhet. D\u00e4rf\u00f6r kan du alltid se var informationen kommer ifr\u00e5n.<\/p>\n\n\n\n<p>V\u00e5r ambition \u00e4r att ge dig fullst\u00e4ndiga artiklar. Det betyder att vi:s\u00e4tter nyheten i sitt sammanhangbelyser olika perspektivavslutar med en personlig analys. <\/p>\n\n\n\n<p>F\u00f6rutom nyheter publicerar vi \u00e4ven kr\u00f6nikor och debattartiklar. H\u00e4r finns utrymme b\u00e5de f\u00f6r vassa \u00e5sikter och reflekterande tankar.<\/p>\n\n\n\n<p>Kuraterat \u00e4r f\u00f6r dig som vill f\u00f6rst\u00e5 mer \u00e4n rubriken. H\u00e4r f\u00e5r du bakgrunden, nyanserna och resonemangen \u2013 allt samlat p\u00e5 ett st\u00e4lle.<\/p>\n\n\n\n<p><strong>Varf\u00f6r Kuraterat?<\/strong><br>Kuraterat betyder utvalt och sammansatt med omsorg. Vi plockar fram nyheter som \u00e4r v\u00e4rda din tid \u2013 sorterar bort bruset och ger dig helheten, k\u00e4llorna och analysen.<\/p>\n\n\n\n<p><strong>AI<\/strong><\/p>\n\n\n\n<p>Vi anv\u00e4nder AI f\u00f6r textanalyser och bildgenerering. <\/p>\n","protected":false},"excerpt":{"rendered":"<p>Kuraterat drivs av M\u00e5ns \u00c5man, grundare av Riverman. Vi g\u00f6r n\u00e5got enkelt men ovanligt: vi v\u00e4ljer ut nyheter som \u00e4r v\u00e4rda din tid. Hos oss hittar du artiklar som inte bara ber\u00e4ttar vad som h\u00e4nt \u2013 utan ocks\u00e5 varf\u00f6r det spelar roll. Varje text varudeklareras med tydliga k\u00e4llor och fakta. Vi tror att trov\u00e4rdighet byggs [&hellip;]<\/p>\n","protected":false},"author":1,"featured_media":0,"parent":0,"menu_order":0,"comment_status":"closed","ping_status":"open","template":"","meta":{"footnotes":""},"class_list":["post-2","page","type-page","status-publish","hentry"],"_links":{"self":[{"href":"https:\/\/kuraterat.riverman.com\/index.php?rest_route=\/wp\/v2\/pages\/2","targetHints":{"allow":["GET"]}}],"collection":[{"href":"https:\/\/kuraterat.riverman.com\/index.php?rest_route=\/wp\/v2\/pages"}],"about":[{"href":"https:\/\/kuraterat.riverman.com\/index.php?rest_route=\/wp\/v2\/types\/page"}],"author":[{"embeddable":true,"href":"https:\/\/kuraterat.riverman.com\/index.php?rest_route=\/wp\/v2\/users\/1"}],"replies":[{"embeddable":true,"href":"https:\/\/kuraterat.riverman.com\/index.php?rest_route=%2Fwp%2Fv2%2Fcomments&post=2"}],"version-history":[{"count":5,"href":"https:\/\/kuraterat.riverman.com\/index.php?rest_route=\/wp\/v2\/pages\/2\/revisions"}],"predecessor-version":[{"id":22,"href":"https:\/\/kuraterat.riverman.com\/index.php?rest_route=\/wp\/v2\/pages\/2\/revisions\/22"}],"wp:attachment":[{"href":"https:\/\/kuraterat.riverman.com\/index.php?rest_route=%2Fwp%2Fv2%2Fmedia&parent=2"}],"curies":[{"name":"wp","href":"https:\/\/api.w.org\/{rel}","templated":true}]}}